{"id":424,"date":"2021-08-26T21:22:37","date_gmt":"2021-08-26T21:22:37","guid":{"rendered":"https:\/\/ctgdelmar.com.co\/web\/?page_id=424"},"modified":"2021-09-28T20:28:06","modified_gmt":"2021-09-28T20:28:06","slug":"vision","status":"publish","type":"page","link":"https:\/\/ctgdelmar.com.co\/web\/la-clinica\/vision\/","title":{"rendered":"Visi\u00f3n"},"content":{"rendered":"\t\t<div data-elementor-type=\"wp-page\" data-elementor-id=\"424\" class=\"elementor elementor-424\" data-elementor-settings=\"[]\">\n\t\t\t\t\t\t<div class=\"elementor-inner\">\n\t\t\t\t\t\t\t<div class=\"elementor-section-wrap\">\n\t\t\t\t\t\t\t<section class=\"elementor-section elementor-top-section elementor-element elementor-element-3131629 elementor-section-full_width elementor-section-height-default elementor-section-height-default\" data-id=\"3131629\" data-element_type=\"section\">\n\t\t\t\t\t\t<div class=\"elementor-container elementor-column-gap-default\">\n\t\t\t\t\t\t\t<div class=\"elementor-row\">\n\t\t\t\t\t<div class=\"elementor-column elementor-col-100 elementor-top-column elementor-element elementor-element-dd97c53\" data-id=\"dd97c53\" data-element_type=\"column\">\n\t\t\t<div class=\"elementor-column-wrap elementor-element-populated\">\n\t\t\t\t\t\t\t<div class=\"elementor-widget-wrap\">\n\t\t\t\t\t\t<div class=\"elementor-element elementor-element-4b73534 elementor-align-left elementor-widget elementor-widget-bdevs-banner\" data-id=\"4b73534\" data-element_type=\"widget\" data-widget_type=\"bdevs-banner.default\">\n\t\t\t\t<div class=\"elementor-widget-container\">\n\t\t\t\t\t<!-- breadcrumb-area -->\r\n        <section class=\"breadcrumb-area d-flex align-items-center\" style=\"background-image:url(https:\/\/ctgdelmar.com.co\/web\/wp-content\/uploads\/2021\/09\/144-Doctor_iStock-1023224308_PowerPoint.jpg)\">\r\n            <div class=\"container\">\r\n                <div class=\"row\">\r\n                    <div class=\"col-xl-6 offset-xl-3 col-lg-8 offset-lg-2\">\r\n                        <div class=\"breadcrumb-wrap text-center\">\r\n                            <div class=\"breadcrumb-title mb-30\">\r\n                                <h2><h1 style=\"font-family:Timesa;color: #000000;font-size:85px\">\nVisi\u00f3n\n<\/h1><\/h2>                                    \r\n                            <\/div>\r\n                                                    <\/div>\r\n                    <\/div>\r\n                <\/div>\r\n            <\/div>\r\n        <\/section>\r\n        <!-- breadcrumb-area-end -->\r\n\t\t\t<\/div>\n\t\t\t\t<\/div>\n\t\t\t\t\t\t<\/div>\n\t\t\t\t\t<\/div>\n\t\t<\/div>\n\t\t\t\t\t\t\t\t<\/div>\n\t\t\t\t\t<\/div>\n\t\t<\/section>\n\t\t\t\t<section class=\"elementor-section elementor-top-section elementor-element elementor-element-3aea963 elementor-section-boxed elementor-section-height-default elementor-section-height-default\" data-id=\"3aea963\" data-element_type=\"section\">\n\t\t\t\t\t\t<div class=\"elementor-container elementor-column-gap-default\">\n\t\t\t\t\t\t\t<div class=\"elementor-row\">\n\t\t\t\t\t<div class=\"elementor-column elementor-col-100 elementor-top-column elementor-element elementor-element-7e911ec\" data-id=\"7e911ec\" data-element_type=\"column\">\n\t\t\t<div class=\"elementor-column-wrap elementor-element-populated\">\n\t\t\t\t\t\t\t<div class=\"elementor-widget-wrap\">\n\t\t\t\t\t\t<div class=\"elementor-element elementor-element-1aaa62b elementor-widget elementor-widget-spacer\" data-id=\"1aaa62b\" data-element_type=\"widget\" data-widget_type=\"spacer.default\">\n\t\t\t\t<div class=\"elementor-widget-container\">\n\t\t\t\t\t<div class=\"elementor-spacer\">\n\t\t\t<div class=\"elementor-spacer-inner\"><\/div>\n\t\t<\/div>\n\t\t\t\t<\/div>\n\t\t\t\t<\/div>\n\t\t\t\t<div class=\"elementor-element elementor-element-3ed3cb9 elementor-widget-divider--view-line elementor-widget elementor-widget-divider\" data-id=\"3ed3cb9\" data-element_type=\"widget\" data-widget_type=\"divider.default\">\n\t\t\t\t<div class=\"elementor-widget-container\">\n\t\t\t\t\t<div class=\"elementor-divider\">\n\t\t\t<span class=\"elementor-divider-separator\">\n\t\t\t\t\t\t<\/span>\n\t\t<\/div>\n\t\t\t\t<\/div>\n\t\t\t\t<\/div>\n\t\t\t\t\t\t<\/div>\n\t\t\t\t\t<\/div>\n\t\t<\/div>\n\t\t\t\t\t\t\t\t<\/div>\n\t\t\t\t\t<\/div>\n\t\t<\/section>\n\t\t\t\t<section class=\"elementor-section elementor-top-section elementor-element elementor-element-3e0832b elementor-section-boxed elementor-section-height-default elementor-section-height-default\" data-id=\"3e0832b\" data-element_type=\"section\">\n\t\t\t\t\t\t<div class=\"elementor-container elementor-column-gap-default\">\n\t\t\t\t\t\t\t<div class=\"elementor-row\">\n\t\t\t\t\t<div class=\"elementor-column elementor-col-100 elementor-top-column elementor-element elementor-element-929da56\" data-id=\"929da56\" data-element_type=\"column\">\n\t\t\t<div class=\"elementor-column-wrap elementor-element-populated\">\n\t\t\t\t\t\t\t<div class=\"elementor-widget-wrap\">\n\t\t\t\t\t\t<div class=\"elementor-element elementor-element-1f7f436 elementor-widget elementor-widget-text-editor\" data-id=\"1f7f436\" data-element_type=\"widget\" data-widget_type=\"text-editor.default\">\n\t\t\t\t<div class=\"elementor-widget-container\">\n\t\t\t\t\t<div class=\"elementor-text-editor elementor-clearfix\"><p style=\"text-align: left;\">Para el a\u00f1o 2025 la Cl\u00ednica Cartagena del Mar S.A.S. ser\u00e1 una instituci\u00f3n certificada en su sistema de gesti\u00f3n de calidad, l\u00edder en la prestaci\u00f3n de servicios de salud, bajo un enfoque de atenci\u00f3n integral, conjugando el cuidado seguro, la docencia y la investigaci\u00f3n. Buscando ser un hospital universitario de referencia en la regi\u00f3n Caribe, destac\u00e1ndose por su compromiso social.<\/p><\/div>\n\t\t\t\t<\/div>\n\t\t\t\t<\/div>\n\t\t\t\t\t\t<\/div>\n\t\t\t\t\t<\/div>\n\t\t<\/div>\n\t\t\t\t\t\t\t\t<\/div>\n\t\t\t\t\t<\/div>\n\t\t<\/section>\n\t\t\t\t<section class=\"elementor-section elementor-top-section elementor-element elementor-element-124b228 elementor-section-boxed elementor-section-height-default elementor-section-height-default\" data-id=\"124b228\" data-element_type=\"section\">\n\t\t\t\t\t\t<div class=\"elementor-container elementor-column-gap-default\">\n\t\t\t\t\t\t\t<div class=\"elementor-row\">\n\t\t\t\t\t<div class=\"elementor-column elementor-col-100 elementor-top-column elementor-element elementor-element-af71f6e\" data-id=\"af71f6e\" data-element_type=\"column\">\n\t\t\t<div class=\"elementor-column-wrap elementor-element-populated\">\n\t\t\t\t\t\t\t<div class=\"elementor-widget-wrap\">\n\t\t\t\t\t\t<div class=\"elementor-element elementor-element-3b9f32b elementor-widget-divider--view-line elementor-widget elementor-widget-divider\" data-id=\"3b9f32b\" data-element_type=\"widget\" data-widget_type=\"divider.default\">\n\t\t\t\t<div class=\"elementor-widget-container\">\n\t\t\t\t\t<div class=\"elementor-divider\">\n\t\t\t<span class=\"elementor-divider-separator\">\n\t\t\t\t\t\t<\/span>\n\t\t<\/div>\n\t\t\t\t<\/div>\n\t\t\t\t<\/div>\n\t\t\t\t<div class=\"elementor-element elementor-element-5e8921c elementor-widget elementor-widget-spacer\" data-id=\"5e8921c\" data-element_type=\"widget\" data-widget_type=\"spacer.default\">\n\t\t\t\t<div class=\"elementor-widget-container\">\n\t\t\t\t\t<div class=\"elementor-spacer\">\n\t\t\t<div class=\"elementor-spacer-inner\"><\/div>\n\t\t<\/div>\n\t\t\t\t<\/div>\n\t\t\t\t<\/div>\n\t\t\t\t\t\t<\/div>\n\t\t\t\t\t<\/div>\n\t\t<\/div>\n\t\t\t\t\t\t\t\t<\/div>\n\t\t\t\t\t<\/div>\n\t\t<\/section>\n\t\t\t\t<section class=\"elementor-section elementor-top-section elementor-element elementor-element-22b3a08 elementor-section-full_width elementor-section-height-default elementor-section-height-default\" data-id=\"22b3a08\" data-element_type=\"section\">\n\t\t\t\t\t\t<div class=\"elementor-container elementor-column-gap-default\">\n\t\t\t\t\t\t\t<div class=\"elementor-row\">\n\t\t\t\t\t<div class=\"elementor-column elementor-col-100 elementor-top-column elementor-element elementor-element-35d012e\" data-id=\"35d012e\" data-element_type=\"column\">\n\t\t\t<div class=\"elementor-column-wrap\">\n\t\t\t\t\t\t\t<div class=\"elementor-widget-wrap\">\n\t\t\t\t\t\t\t\t<\/div>\n\t\t\t\t\t<\/div>\n\t\t<\/div>\n\t\t\t\t\t\t\t\t<\/div>\n\t\t\t\t\t<\/div>\n\t\t<\/section>\n\t\t\t\t<section class=\"elementor-section elementor-top-section elementor-element elementor-element-8bdc951 elementor-section-boxed elementor-section-height-default elementor-section-height-default\" data-id=\"8bdc951\" data-element_type=\"section\">\n\t\t\t\t\t\t<div class=\"elementor-container elementor-column-gap-default\">\n\t\t\t\t\t\t\t<div class=\"elementor-row\">\n\t\t\t\t\t<div class=\"elementor-column elementor-col-100 elementor-top-column elementor-element elementor-element-d3adeb5\" data-id=\"d3adeb5\" data-element_type=\"column\">\n\t\t\t<div class=\"elementor-column-wrap elementor-element-populated\">\n\t\t\t\t\t\t\t<div class=\"elementor-widget-wrap\">\n\t\t\t\t\t\t<div class=\"elementor-element elementor-element-5b5a1c0 elementor-widget elementor-widget-spacer\" data-id=\"5b5a1c0\" data-element_type=\"widget\" data-widget_type=\"spacer.default\">\n\t\t\t\t<div class=\"elementor-widget-container\">\n\t\t\t\t\t<div class=\"elementor-spacer\">\n\t\t\t<div class=\"elementor-spacer-inner\"><\/div>\n\t\t<\/div>\n\t\t\t\t<\/div>\n\t\t\t\t<\/div>\n\t\t\t\t\t\t<\/div>\n\t\t\t\t\t<\/div>\n\t\t<\/div>\n\t\t\t\t\t\t\t\t<\/div>\n\t\t\t\t\t<\/div>\n\t\t<\/section>\n\t\t\t\t\t\t<\/div>\n\t\t\t\t\t\t<\/div>\n\t\t\t\t\t<\/div>\n\t\t","protected":false},"excerpt":{"rendered":"<p>Visi\u00f3n Para el a\u00f1o 2025 la Cl\u00ednica Cartagena del Mar S.A.S. ser\u00e1 una instituci\u00f3n certificada en su sistema de gesti\u00f3n de calidad, l\u00edder en la prestaci\u00f3n de servicios de salud, bajo un enfoque de atenci\u00f3n integral, conjugando el cuidado seguro, la docencia y la investigaci\u00f3n. Buscando ser un hospital universitario de referencia en la regi\u00f3n [&hellip;]<\/p>\n","protected":false},"author":1,"featured_media":0,"parent":67,"menu_order":0,"comment_status":"closed","ping_status":"closed","template":"page-templates\/home-2.php","meta":[],"_links":{"self":[{"href":"https:\/\/ctgdelmar.com.co\/web\/wp-json\/wp\/v2\/pages\/424"}],"collection":[{"href":"https:\/\/ctgdelmar.com.co\/web\/wp-json\/wp\/v2\/pages"}],"about":[{"href":"https:\/\/ctgdelmar.com.co\/web\/wp-json\/wp\/v2\/types\/page"}],"author":[{"embeddable":true,"href":"https:\/\/ctgdelmar.com.co\/web\/wp-json\/wp\/v2\/users\/1"}],"replies":[{"embeddable":true,"href":"https:\/\/ctgdelmar.com.co\/web\/wp-json\/wp\/v2\/comments?post=424"}],"version-history":[{"count":49,"href":"https:\/\/ctgdelmar.com.co\/web\/wp-json\/wp\/v2\/pages\/424\/revisions"}],"predecessor-version":[{"id":1167,"href":"https:\/\/ctgdelmar.com.co\/web\/wp-json\/wp\/v2\/pages\/424\/revisions\/1167"}],"up":[{"embeddable":true,"href":"https:\/\/ctgdelmar.com.co\/web\/wp-json\/wp\/v2\/pages\/67"}],"wp:attachment":[{"href":"https:\/\/ctgdelmar.com.co\/web\/wp-json\/wp\/v2\/media?parent=424"}],"curies":[{"name":"wp","href":"https:\/\/api.w.org\/{rel}","templated":true}]}}